{"id":864,"date":"2021-09-02T21:09:51","date_gmt":"2021-09-02T21:09:51","guid":{"rendered":"https:\/\/disandina.com\/site2020\/?page_id=864"},"modified":"2025-09-10T23:51:24","modified_gmt":"2025-09-10T23:51:24","slug":"franquicias-doppler","status":"publish","type":"page","link":"https:\/\/disandina.com\/site2020\/franquicias-doppler\/","title":{"rendered":"Franquicias Doppler"},"content":{"rendered":"\t\t<div data-elementor-type=\"wp-page\" data-elementor-id=\"864\" class=\"elementor elementor-864\">\n\t\t\t\t\t\t<section class=\"elementor-section elementor-top-section elementor-element elementor-element-3aa6d7f elementor-section-boxed elementor-section-height-default elementor-section-height-default\" data-id=\"3aa6d7f\" data-element_type=\"section\" data-e-type=\"section\">\n\t\t\t\t\t\t<div class=\"elementor-container elementor-column-gap-default\">\n\t\t\t\t\t<div class=\"elementor-column elementor-col-100 elementor-top-column elementor-element elementor-element-06450bc\" data-id=\"06450bc\" data-element_type=\"column\" data-e-type=\"column\" data-settings=\"{&quot;background_background&quot;:&quot;classic&quot;}\">\n\t\t\t<div class=\"elementor-widget-wrap elementor-element-populated\">\n\t\t\t\t\t\t<div class=\"elementor-element elementor-element-33fa6d5 elementor-widget elementor-widget-image\" data-id=\"33fa6d5\" data-element_type=\"widget\" data-e-type=\"widget\" data-widget_type=\"image.default\">\n\t\t\t\t<div class=\"elementor-widget-container\">\n\t\t\t\t\t\t\t\t\t\t\t\t\t\t\t<img fetchpriority=\"high\" decoding=\"async\" width=\"1251\" height=\"582\" src=\"https:\/\/disandina.com\/site2020\/wp-content\/uploads\/2021\/09\/Mailing-franquicia-Doppler-nuevos-01-1.jpg\" class=\"attachment-full size-full wp-image-944\" alt=\"\" srcset=\"https:\/\/disandina.com\/site2020\/wp-content\/uploads\/2021\/09\/Mailing-franquicia-Doppler-nuevos-01-1.jpg 1251w, https:\/\/disandina.com\/site2020\/wp-content\/uploads\/2021\/09\/Mailing-franquicia-Doppler-nuevos-01-1-300x140.jpg 300w, https:\/\/disandina.com\/site2020\/wp-content\/uploads\/2021\/09\/Mailing-franquicia-Doppler-nuevos-01-1-1024x476.jpg 1024w, https:\/\/disandina.com\/site2020\/wp-content\/uploads\/2021\/09\/Mailing-franquicia-Doppler-nuevos-01-1-768x357.jpg 768w\" sizes=\"(max-width: 1251px) 100vw, 1251px\" \/>\t\t\t\t\t\t\t\t\t\t\t\t\t\t\t<\/div>\n\t\t\t\t<\/div>\n\t\t\t\t<div class=\"elementor-element elementor-element-c32c52a elementor-widget elementor-widget-text-editor\" data-id=\"c32c52a\" data-element_type=\"widget\" data-e-type=\"widget\" data-widget_type=\"text-editor.default\">\n\t\t\t\t<div class=\"elementor-widget-container\">\n\t\t\t\t\t\t\t\t\t<h2><span style=\"color: #ffffff;\">Franquicias Doppler<\/span><\/h2><p><span style=\"color: #ffffff;\">En 1999, como respuesta a la expansi\u00f3n del portafolio de Oakley, que por ese entonces solo manejaba gafas y comenzaba a incursionar en ropa, calzado y accesorios, naci\u00f3 Doppler. Su prop\u00f3sito fue claro desde el inicio: romper barreras en la comercializaci\u00f3n deportiva, ofreciendo un concepto innovador de tienda multimarca que reuniera productos inspirados en el deporte y el estilo de vida de sus atletas.<\/span><\/p><p><span style=\"color: #ffffff;\">El nombre proviene del efecto f\u00edsico Doppler, asociado al movimiento, la velocidad, la luz, el color y el sonido; valores que reflejan la esencia de nuestras marcas.\u00a0<\/span><span style=\"color: #ffffff; font-size: 1rem;\">Hoy, Doppler se ha consolidado como un espacio que conecta a los consumidores con un portafolio diverso de marcas internacionales de gran trayectoria como Quiksilver, Roxy, Oakley, Alpinestars, Stance, EcoVessel, Brooks Running, RVCA, Billabong, Element, Vans y Santeco. En nuestras tiendas, la variedad de marcas, su posicionamiento global, la exhibici\u00f3n innovadora y la experiencia de compra son los pilares que marcan la diferencia.<\/span><\/p><p><span style=\"color: #ffffff;\">\u00bfPor qu\u00e9 una franquicia Doppler?<\/span><\/p><ul><li><p><span style=\"color: #ffffff;\">\u00c1rea m\u00ednima: 100 m\u00b2 para exhibir correctamente todas las categor\u00edas de producto.<\/span><\/p><\/li><li><p><span style=\"color: #ffffff; font-family: inherit; font-size: 1rem; background-color: transparent;\">Capacitaci\u00f3n completa: protocolos de atenci\u00f3n al cliente, conocimiento de producto y manejo de marca.<\/span><\/p><\/li><li><p><span style=\"color: #ffffff;\">Soporte constante: acompa\u00f1amiento en visual merchandising, marketing y gesti\u00f3n de ventas.<\/span><\/p><\/li><li><p><span style=\"color: #ffffff;\">Experiencia memorable: un formato de tienda dise\u00f1ado para generar fidelidad y conexi\u00f3n con el consumidor.<\/span><\/p><\/li><\/ul><p><span style=\"color: #ffffff;\">\u00a1Buscamos aliados para crecer juntos!<\/span><\/p><p style=\"padding-left: 40px;\"><span style=\"color: #ffffff;\">En Disandina y Doppler queremos franquiciados que disfruten lo que hacen, que vivan con pasi\u00f3n el deporte y el estilo de vida, y que deseen proyectar una imagen s\u00f3lida con un servicio excepcional. Apostamos por socios que quieran combinar su trabajo con su pasi\u00f3n, para juntos consolidar tiendas que inspiren y construyan comunidades de clientes fieles.<\/span><\/p>\t\t\t\t\t\t\t\t<\/div>\n\t\t\t\t<\/div>\n\t\t\t\t<div class=\"elementor-element elementor-element-f74a7d9 elementor-button-align-center elementor-widget elementor-widget-form\" data-id=\"f74a7d9\" data-element_type=\"widget\" data-e-type=\"widget\" data-settings=\"{&quot;step_next_label&quot;:&quot;Siguiente &quot;,&quot;step_previous_label&quot;:&quot;Previous&quot;,&quot;button_width&quot;:&quot;100&quot;,&quot;step_type&quot;:&quot;number_text&quot;,&quot;step_icon_shape&quot;:&quot;circle&quot;}\" data-widget_type=\"form.default\">\n\t\t\t\t<div class=\"elementor-widget-container\">\n\t\t\t\t\t\t\t<form class=\"elementor-form\" method=\"post\" name=\"Franquicias Disandina \">\n\t\t\t<input type=\"hidden\" name=\"post_id\" value=\"864\"\/>\n\t\t\t<input type=\"hidden\" name=\"form_id\" value=\"f74a7d9\"\/>\n\t\t\t<input type=\"hidden\" name=\"referer_title\" value=\"\" \/>\n\n\t\t\t\n\t\t\t<div class=\"elementor-form-fields-wrapper elementor-labels-above\">\n\t\t\t\t\t\t\t\t<div class=\"elementor-field-type-text elementor-field-group elementor-column elementor-field-group-field_3e252f5 elementor-col-80 elementor-field-required elementor-mark-required\">\n\t\t\t\t\t\t\t\t\t\t\t\t<label for=\"form-field-field_3e252f5\" class=\"elementor-field-label\">\n\t\t\t\t\t\t\t\tNombre\t\t\t\t\t\t\t<\/label>\n\t\t\t\t\t\t\t\t\t\t\t\t\t\t<input size=\"1\" type=\"text\" name=\"form_fields[field_3e252f5]\" id=\"form-field-field_3e252f5\" class=\"elementor-field elementor-size-sm  elementor-field-textual\" placeholder=\"Nombre\" required=\"required\" aria-required=\"true\">\n\t\t\t\t\t\t\t\t\t\t\t<\/div>\n\t\t\t\t\t\t\t\t<div class=\"elementor-field-type-email elementor-field-group elementor-column elementor-field-group-email elementor-col-80 elementor-field-required elementor-mark-required\">\n\t\t\t\t\t\t\t\t\t\t\t\t<label for=\"form-field-email\" class=\"elementor-field-label\">\n\t\t\t\t\t\t\t\tEmail\t\t\t\t\t\t\t<\/label>\n\t\t\t\t\t\t\t\t\t\t\t\t\t\t<input size=\"1\" type=\"email\" name=\"form_fields[email]\" id=\"form-field-email\" class=\"elementor-field elementor-size-sm  elementor-field-textual\" placeholder=\"Email\" required=\"required\" aria-required=\"true\">\n\t\t\t\t\t\t\t\t\t\t\t<\/div>\n\t\t\t\t\t\t\t\t<div class=\"elementor-field-type-tel elementor-field-group elementor-column elementor-field-group-field_322f67f elementor-col-80 elementor-field-required elementor-mark-required\">\n\t\t\t\t\t\t\t\t\t\t\t\t<label for=\"form-field-field_322f67f\" class=\"elementor-field-label\">\n\t\t\t\t\t\t\t\tTel\u00e9fono \t\t\t\t\t\t\t<\/label>\n\t\t\t\t\t\t\t\t<input size=\"1\" type=\"tel\" name=\"form_fields[field_322f67f]\" id=\"form-field-field_322f67f\" class=\"elementor-field elementor-size-sm  elementor-field-textual\" placeholder=\"Tel\u00e9fono\" required=\"required\" aria-required=\"true\" pattern=\"[0-9()#&amp;+*-=.]+\" title=\"Solo se aceptan n\u00fameros y caracteres de tel\u00e9fono (#,-,*,etc).\">\n\n\t\t\t\t\t\t<\/div>\n\t\t\t\t\t\t\t\t<div class=\"elementor-field-type-tel elementor-field-group elementor-column elementor-field-group-field_2abbb03 elementor-col-80 elementor-field-required elementor-mark-required\">\n\t\t\t\t\t\t\t\t\t\t\t\t<label for=\"form-field-field_2abbb03\" class=\"elementor-field-label\">\n\t\t\t\t\t\t\t\tCelular\t\t\t\t\t\t\t<\/label>\n\t\t\t\t\t\t\t\t<input size=\"1\" type=\"tel\" name=\"form_fields[field_2abbb03]\" id=\"form-field-field_2abbb03\" class=\"elementor-field elementor-size-sm  elementor-field-textual\" placeholder=\"Celular\" required=\"required\" aria-required=\"true\" pattern=\"[0-9()#&amp;+*-=.]+\" title=\"Solo se aceptan n\u00fameros y caracteres de tel\u00e9fono (#,-,*,etc).\">\n\n\t\t\t\t\t\t<\/div>\n\t\t\t\t\t\t\t\t<div class=\"elementor-field-type-text elementor-field-group elementor-column elementor-field-group-field_71502ad elementor-col-80 elementor-field-required elementor-mark-required\">\n\t\t\t\t\t\t\t\t\t\t\t\t<label for=\"form-field-field_71502ad\" class=\"elementor-field-label\">\n\t\t\t\t\t\t\t\tDirecci\u00f3n \t\t\t\t\t\t\t<\/label>\n\t\t\t\t\t\t\t\t\t\t\t\t\t\t<input size=\"1\" type=\"text\" name=\"form_fields[field_71502ad]\" id=\"form-field-field_71502ad\" class=\"elementor-field elementor-size-sm  elementor-field-textual\" placeholder=\"Direcci\u00f3n \" required=\"required\" aria-required=\"true\">\n\t\t\t\t\t\t\t\t\t\t\t<\/div>\n\t\t\t\t\t\t\t\t<div class=\"elementor-field-type-text elementor-field-group elementor-column elementor-field-group-field_a51fb16 elementor-col-80 elementor-field-required elementor-mark-required\">\n\t\t\t\t\t\t\t\t\t\t\t\t<label for=\"form-field-field_a51fb16\" class=\"elementor-field-label\">\n\t\t\t\t\t\t\t\tProfesi\u00f3n\t\t\t\t\t\t\t<\/label>\n\t\t\t\t\t\t\t\t\t\t\t\t\t\t<input size=\"1\" type=\"text\" name=\"form_fields[field_a51fb16]\" id=\"form-field-field_a51fb16\" class=\"elementor-field elementor-size-sm  elementor-field-textual\" placeholder=\"Profesi\u00f3n\" required=\"required\" aria-required=\"true\">\n\t\t\t\t\t\t\t\t\t\t\t<\/div>\n\t\t\t\t\t\t\t\t<div class=\"elementor-field-type-text elementor-field-group elementor-column elementor-field-group-field_5b6d412 elementor-col-80 elementor-field-required elementor-mark-required\">\n\t\t\t\t\t\t\t\t\t\t\t\t<label for=\"form-field-field_5b6d412\" class=\"elementor-field-label\">\n\t\t\t\t\t\t\t\t Ocupaci\u00f3n\t\t\t\t\t\t\t<\/label>\n\t\t\t\t\t\t\t\t\t\t\t\t\t\t<input size=\"1\" type=\"text\" name=\"form_fields[field_5b6d412]\" id=\"form-field-field_5b6d412\" class=\"elementor-field elementor-size-sm  elementor-field-textual\" placeholder=\"Ocupaci\u00f3n\" required=\"required\" aria-required=\"true\">\n\t\t\t\t\t\t\t\t\t\t\t<\/div>\n\t\t\t\t\t\t\t\t<div class=\"elementor-field-type-text elementor-field-group elementor-column elementor-field-group-field_1dcbb7c elementor-col-80 elementor-field-required elementor-mark-required\">\n\t\t\t\t\t\t\t\t\t\t\t\t<label for=\"form-field-field_1dcbb7c\" class=\"elementor-field-label\">\n\t\t\t\t\t\t\t\tCiudad\t\t\t\t\t\t\t<\/label>\n\t\t\t\t\t\t\t\t\t\t\t\t\t\t<input size=\"1\" type=\"text\" name=\"form_fields[field_1dcbb7c]\" id=\"form-field-field_1dcbb7c\" class=\"elementor-field elementor-size-sm  elementor-field-textual\" placeholder=\"Ciudad\" required=\"required\" aria-required=\"true\">\n\t\t\t\t\t\t\t\t\t\t\t<\/div>\n\t\t\t\t\t\t\t\t<div class=\"elementor-field-type-text elementor-field-group elementor-column elementor-field-group-field_8c84099 elementor-col-80 elementor-field-required elementor-mark-required\">\n\t\t\t\t\t\t\t\t\t\t\t\t<label for=\"form-field-field_8c84099\" class=\"elementor-field-label\">\n\t\t\t\t\t\t\t\tPa\u00eds\t\t\t\t\t\t\t<\/label>\n\t\t\t\t\t\t\t\t\t\t\t\t\t\t<input size=\"1\" type=\"text\" name=\"form_fields[field_8c84099]\" id=\"form-field-field_8c84099\" class=\"elementor-field elementor-size-sm  elementor-field-textual\" placeholder=\"Pa\u00eds\" required=\"required\" aria-required=\"true\">\n\t\t\t\t\t\t\t\t\t\t\t<\/div>\n\t\t\t\t\t\t\t\t<div class=\"elementor-field-type-date elementor-field-group elementor-column elementor-field-group-field_6a0f7b4 elementor-col-80 elementor-field-required elementor-mark-required\">\n\t\t\t\t\t\t\t\t\t\t\t\t<label for=\"form-field-field_6a0f7b4\" class=\"elementor-field-label\">\n\t\t\t\t\t\t\t\t\u00bfCu\u00e1ndo le gustar\u00eda iniciar el negocio?\t\t\t\t\t\t\t<\/label>\n\t\t\t\t\t\t\n\t\t<input type=\"date\" name=\"form_fields[field_6a0f7b4]\" id=\"form-field-field_6a0f7b4\" class=\"elementor-field elementor-size-sm  elementor-field-textual elementor-date-field\" placeholder=\"\u00bfCu\u00e1ndo le gustar\u00eda iniciar el negocio?\" required=\"required\" aria-required=\"true\" pattern=\"[0-9]{4}-[0-9]{2}-[0-9]{2}\">\n\t\t\t\t\t\t<\/div>\n\t\t\t\t\t\t\t\t<div class=\"elementor-field-type-number elementor-field-group elementor-column elementor-field-group-message elementor-col-80 elementor-field-required elementor-mark-required\">\n\t\t\t\t\t\t\t\t\t\t\t\t<label for=\"form-field-message\" class=\"elementor-field-label\">\n\t\t\t\t\t\t\t\tCapital disponible para invertir\t\t\t\t\t\t\t<\/label>\n\t\t\t\t\t\t\t\t\t<input type=\"number\" name=\"form_fields[message]\" id=\"form-field-message\" class=\"elementor-field elementor-size-sm  elementor-field-textual\" placeholder=\"Mensaje\" required=\"required\" aria-required=\"true\" min=\"\" max=\"\" >\n\t\t\t\t\t\t<\/div>\n\t\t\t\t\t\t\t\t<div class=\"elementor-field-type-text elementor-field-group elementor-column elementor-field-group-field_07f0391 elementor-col-80 elementor-field-required elementor-mark-required\">\n\t\t\t\t\t\t\t\t\t\t\t\t<label for=\"form-field-field_07f0391\" class=\"elementor-field-label\">\n\t\t\t\t\t\t\t\tEspecifique en qu\u00e9 regiones\/ciudades y\/o pa\u00edses est\u00e1 interesado para franquiciar:\t\t\t\t\t\t\t<\/label>\n\t\t\t\t\t\t\t\t\t\t\t\t\t\t<input size=\"1\" type=\"text\" name=\"form_fields[field_07f0391]\" id=\"form-field-field_07f0391\" class=\"elementor-field elementor-size-sm  elementor-field-textual\" required=\"required\" aria-required=\"true\">\n\t\t\t\t\t\t\t\t\t\t\t<\/div>\n\t\t\t\t\t\t\t\t<div class=\"elementor-field-type-textarea elementor-field-group elementor-column elementor-field-group-field_aabc258 elementor-col-80 elementor-field-required elementor-mark-required\">\n\t\t\t\t\t\t\t\t\t\t\t\t<label for=\"form-field-field_aabc258\" class=\"elementor-field-label\">\n\t\t\t\t\t\t\t\tDescriba brevemente su experiencia profesional:\t\t\t\t\t\t\t<\/label>\n\t\t\t\t\t\t<textarea class=\"elementor-field-textual elementor-field  elementor-size-sm\" name=\"form_fields[field_aabc258]\" id=\"form-field-field_aabc258\" rows=\"4\" required=\"required\" aria-required=\"true\"><\/textarea>\t\t\t\t<\/div>\n\t\t\t\t\t\t\t\t<div class=\"elementor-field-type-select elementor-field-group elementor-column elementor-field-group-field_65ec6ce elementor-col-80 elementor-field-required elementor-mark-required\">\n\t\t\t\t\t\t\t\t\t\t\t\t<label for=\"form-field-field_65ec6ce\" class=\"elementor-field-label\">\n\t\t\t\t\t\t\t\t\u00bfCuenta con experiencia en franquicia?\t\t\t\t\t\t\t<\/label>\n\t\t\t\t\t\t\t\t<div class=\"elementor-field elementor-select-wrapper \">\n\t\t\t<select name=\"form_fields[field_65ec6ce]\" id=\"form-field-field_65ec6ce\" class=\"elementor-field-textual elementor-size-sm\" required=\"required\" aria-required=\"true\">\n\t\t\t\t\t\t\t\t\t<option value=\"\"><\/option>\n\t\t\t\t\t\t\t\t\t<option value=\"S\u00ed\">S\u00ed<\/option>\n\t\t\t\t\t\t\t\t\t<option value=\"No\">No<\/option>\n\t\t\t\t\t\t\t<\/select>\n\t\t<\/div>\n\t\t\t\t\t\t<\/div>\n\t\t\t\t\t\t\t\t<div class=\"elementor-field-type-select elementor-field-group elementor-column elementor-field-group-field_2bb7863 elementor-col-80 elementor-field-required elementor-mark-required\">\n\t\t\t\t\t\t\t\t\t\t\t\t<label for=\"form-field-field_2bb7863\" class=\"elementor-field-label\">\n\t\t\t\t\t\t\t\t\u00bfCuenta con experiencia en emprendimiento?\t\t\t\t\t\t\t<\/label>\n\t\t\t\t\t\t\t\t<div class=\"elementor-field elementor-select-wrapper \">\n\t\t\t<select name=\"form_fields[field_2bb7863]\" id=\"form-field-field_2bb7863\" class=\"elementor-field-textual elementor-size-sm\" required=\"required\" aria-required=\"true\">\n\t\t\t\t\t\t\t\t\t<option value=\"\"><\/option>\n\t\t\t\t\t\t\t\t\t<option value=\"S\u00ed\">S\u00ed<\/option>\n\t\t\t\t\t\t\t\t\t<option value=\"No\">No<\/option>\n\t\t\t\t\t\t\t<\/select>\n\t\t<\/div>\n\t\t\t\t\t\t<\/div>\n\t\t\t\t\t\t\t\t<div class=\"elementor-field-type-select elementor-field-group elementor-column elementor-field-group-field_66b8add elementor-col-80 elementor-field-required elementor-mark-required\">\n\t\t\t\t\t\t\t\t\t\t\t\t<label for=\"form-field-field_66b8add\" class=\"elementor-field-label\">\n\t\t\t\t\t\t\t\t\u00bfCuenta con experiencia en negocios de moda, indumentaria y\/o accesorios? \t\t\t\t\t\t\t<\/label>\n\t\t\t\t\t\t\t\t<div class=\"elementor-field elementor-select-wrapper \">\n\t\t\t<select name=\"form_fields[field_66b8add]\" id=\"form-field-field_66b8add\" class=\"elementor-field-textual elementor-size-sm\" required=\"required\" aria-required=\"true\">\n\t\t\t\t\t\t\t\t\t<option value=\"\"><\/option>\n\t\t\t\t\t\t\t\t\t<option value=\"S\u00ed\">S\u00ed<\/option>\n\t\t\t\t\t\t\t\t\t<option value=\"No\">No<\/option>\n\t\t\t\t\t\t\t<\/select>\n\t\t<\/div>\n\t\t\t\t\t\t<\/div>\n\t\t\t\t\t\t\t\t<div class=\"elementor-field-type-select elementor-field-group elementor-column elementor-field-group-field_fede6bb elementor-col-80 elementor-field-required elementor-mark-required\">\n\t\t\t\t\t\t\t\t\t\t\t\t<label for=\"form-field-field_fede6bb\" class=\"elementor-field-label\">\n\t\t\t\t\t\t\t\t\u00bfC\u00f3mo conoci\u00f3 la franquicia de Doppler? \t\t\t\t\t\t\t<\/label>\n\t\t\t\t\t\t\t\t<div class=\"elementor-field elementor-select-wrapper \">\n\t\t\t<select name=\"form_fields[field_fede6bb]\" id=\"form-field-field_fede6bb\" class=\"elementor-field-textual elementor-size-sm\" required=\"required\" aria-required=\"true\">\n\t\t\t\t\t\t\t\t\t<option value=\"\"><\/option>\n\t\t\t\t\t\t\t\t\t<option value=\"Google\">Google<\/option>\n\t\t\t\t\t\t\t\t\t<option value=\"Redes Sociales\">Redes Sociales<\/option>\n\t\t\t\t\t\t\t\t\t<option value=\"Email\">Email<\/option>\n\t\t\t\t\t\t\t\t\t<option value=\"Un amigo\">Un amigo<\/option>\n\t\t\t\t\t\t\t\t\t<option value=\"Otro\">Otro<\/option>\n\t\t\t\t\t\t\t<\/select>\n\t\t<\/div>\n\t\t\t\t\t\t<\/div>\n\t\t\t\t\t\t\t\t<div class=\"elementor-field-type-radio elementor-field-group elementor-column elementor-field-group-field_771a57d elementor-col-100 elementor-field-required elementor-mark-required\">\n\t\t\t\t\t\t\t\t\t\t\t\t<label for=\"form-field-field_771a57d\" class=\"elementor-field-label\">\n\t\t\t\t\t\t\t\tPor el solo hecho de introducir sus datos personales en la p\u00e1gina web http:\/\/www.disandina.com  o en nuestras redes sociales, autorizan a DISANDINA S.A.S., para que los datos introducidos sean utilizados, guardados y procesados, con fines publicitarios, promocionales, env\u00edo de correo masivo o estudios de preferencia de compra. Dichos datos podr\u00e1n ser cambiados, corregidos o eliminados en cualquier momento a su solicitud, conforme al \u201cReglamento de Tratamiento de Datos Personales\u201d:  http:\/\/www.disandina.com\/landing2020\/politica-de-privacidad.pdf  El cual puede solicitar v\u00eda e \u2013 mail al correo proteccion.datos@disandina.com\t\t\t\t\t\t\t<\/label>\n\t\t\t\t\t\t<div class=\"elementor-field-subgroup  elementor-subgroup-inline\"><span class=\"elementor-field-option\"><input type=\"radio\" value=\"Acepto t\u00e9rminos y condiciones.\" id=\"form-field-field_771a57d-0\" name=\"form_fields[field_771a57d]\" required=\"required\" aria-required=\"true\"> <label for=\"form-field-field_771a57d-0\">Acepto t\u00e9rminos y condiciones.<\/label><\/span><\/div>\t\t\t\t<\/div>\n\t\t\t\t\t\t\t\t<div class=\"elementor-field-group elementor-column elementor-field-type-submit elementor-col-100 e-form__buttons\">\n\t\t\t\t\t<button type=\"submit\" class=\"elementor-button elementor-size-sm\">\n\t\t\t\t\t\t<span >\n\t\t\t\t\t\t\t\t\t\t\t\t\t\t\t<span class=\" elementor-button-icon\">\n\t\t\t\t\t\t\t\t\t\t\t\t\t\t\t\t\t\t\t\t\t\t\t\t\t\t<\/span>\n\t\t\t\t\t\t\t\t\t\t\t\t\t\t\t\t\t\t\t\t\t\t<span class=\"elementor-button-text\">Enviar<\/span>\n\t\t\t\t\t\t\t\t\t\t\t\t\t<\/span>\n\t\t\t\t\t<\/button>\n\t\t\t\t<\/div>\n\t\t\t<\/div>\n\t\t<\/form>\n\t\t\t\t\t\t<\/div>\n\t\t\t\t<\/div>\n\t\t\t\t\t<\/div>\n\t\t<\/div>\n\t\t\t\t\t<\/div>\n\t\t<\/section>\n\t\t\t\t<\/div>\n\t\t","protected":false},"excerpt":{"rendered":"<p>Franquicias Doppler En 1999, como respuesta a la expansi\u00f3n del portafolio de Oakley, que por ese entonces solo manejaba gafas y comenzaba a incursionar en ropa, calzado y accesorios, naci\u00f3 Doppler. Su prop\u00f3sito fue claro desde el inicio: romper barreras en la comercializaci\u00f3n deportiva, ofreciendo un concepto innovador de tienda multimarca que reuniera productos inspirados [&hellip;]<\/p>\n","protected":false},"author":1,"featured_media":0,"parent":0,"menu_order":0,"comment_status":"closed","ping_status":"closed","template":"","meta":{"footnotes":""},"class_list":["post-864","page","type-page","status-publish","hentry"],"_links":{"self":[{"href":"https:\/\/disandina.com\/site2020\/wp-json\/wp\/v2\/pages\/864","targetHints":{"allow":["GET"]}}],"collection":[{"href":"https:\/\/disandina.com\/site2020\/wp-json\/wp\/v2\/pages"}],"about":[{"href":"https:\/\/disandina.com\/site2020\/wp-json\/wp\/v2\/types\/page"}],"author":[{"embeddable":true,"href":"https:\/\/disandina.com\/site2020\/wp-json\/wp\/v2\/users\/1"}],"replies":[{"embeddable":true,"href":"https:\/\/disandina.com\/site2020\/wp-json\/wp\/v2\/comments?post=864"}],"version-history":[{"count":68,"href":"https:\/\/disandina.com\/site2020\/wp-json\/wp\/v2\/pages\/864\/revisions"}],"predecessor-version":[{"id":2540,"href":"https:\/\/disandina.com\/site2020\/wp-json\/wp\/v2\/pages\/864\/revisions\/2540"}],"wp:attachment":[{"href":"https:\/\/disandina.com\/site2020\/wp-json\/wp\/v2\/media?parent=864"}],"curies":[{"name":"wp","href":"https:\/\/api.w.org\/{rel}","templated":true}]}}