{"id":207,"date":"2020-10-23T16:10:13","date_gmt":"2020-10-23T16:10:13","guid":{"rendered":"https:\/\/disandina.com\/site2020\/?page_id=207"},"modified":"2025-09-11T01:57:18","modified_gmt":"2025-09-11T01:57:18","slug":"noticias","status":"publish","type":"page","link":"https:\/\/disandina.com\/site2020\/noticias\/","title":{"rendered":"<br><center> Noticias<\/center>"},"content":{"rendered":"\t\t<div data-elementor-type=\"wp-page\" data-elementor-id=\"207\" class=\"elementor elementor-207\">\n\t\t\t\t\t\t<section class=\"elementor-section elementor-top-section elementor-element elementor-element-4ea5deeb elementor-section-height-min-height elementor-section-boxed elementor-section-height-default elementor-section-items-middle\" data-id=\"4ea5deeb\" data-element_type=\"section\" data-e-type=\"section\" data-settings=\"{&quot;background_background&quot;:&quot;classic&quot;,&quot;shape_divider_bottom&quot;:&quot;tilt&quot;,&quot;background_motion_fx_motion_fx_scrolling&quot;:&quot;yes&quot;,&quot;background_motion_fx_scale_effect&quot;:&quot;yes&quot;,&quot;background_motion_fx_scale_direction&quot;:&quot;in-out&quot;,&quot;background_motion_fx_scale_speed&quot;:{&quot;unit&quot;:&quot;px&quot;,&quot;size&quot;:&quot;2&quot;,&quot;sizes&quot;:[]},&quot;background_motion_fx_scale_range&quot;:{&quot;unit&quot;:&quot;%&quot;,&quot;size&quot;:&quot;&quot;,&quot;sizes&quot;:{&quot;start&quot;:&quot;0&quot;,&quot;end&quot;:&quot;80&quot;}},&quot;background_motion_fx_devices&quot;:[&quot;desktop&quot;,&quot;tablet&quot;,&quot;mobile&quot;]}\">\n\t\t\t\t\t\t\t<div class=\"elementor-background-overlay\"><\/div>\n\t\t\t\t\t\t<div class=\"elementor-shape elementor-shape-bottom\" aria-hidden=\"true\" data-negative=\"false\">\n\t\t\t<svg xmlns=\"http:\/\/www.w3.org\/2000\/svg\" viewBox=\"0 0 1000 100\" preserveAspectRatio=\"none\">\n\t<path class=\"elementor-shape-fill\" d=\"M0,6V0h1000v100L0,6z\"\/>\n<\/svg>\t\t<\/div>\n\t\t\t\t\t<div class=\"elementor-container elementor-column-gap-default\">\n\t\t\t\t\t<div class=\"elementor-column elementor-col-100 elementor-top-column elementor-element elementor-element-b012643\" data-id=\"b012643\" data-element_type=\"column\" data-e-type=\"column\">\n\t\t\t<div class=\"elementor-widget-wrap elementor-element-populated\">\n\t\t\t\t\t\t<div class=\"elementor-element elementor-element-47294ba5 elementor-widget elementor-widget-heading\" data-id=\"47294ba5\" data-element_type=\"widget\" data-e-type=\"widget\" data-widget_type=\"heading.default\">\n\t\t\t\t<div class=\"elementor-widget-container\">\n\t\t\t\t\t<h2 class=\"elementor-heading-title elementor-size-default\">Noticias de nuestras Marcas \n\nDistribuidora Andina <br>de Articulos Deportivos<\/h2>\t\t\t\t<\/div>\n\t\t\t\t<\/div>\n\t\t\t\t\t<\/div>\n\t\t<\/div>\n\t\t\t\t\t<\/div>\n\t\t<\/section>\n\t\t\t\t<section class=\"elementor-section elementor-top-section elementor-element elementor-element-442e1a77 elementor-section-boxed elementor-section-height-default elementor-section-height-default\" data-id=\"442e1a77\" data-element_type=\"section\" data-e-type=\"section\" data-settings=\"{&quot;background_background&quot;:&quot;classic&quot;,&quot;shape_divider_bottom&quot;:&quot;tilt&quot;}\">\n\t\t\t\t\t<div class=\"elementor-shape elementor-shape-bottom\" aria-hidden=\"true\" data-negative=\"false\">\n\t\t\t<svg xmlns=\"http:\/\/www.w3.org\/2000\/svg\" viewBox=\"0 0 1000 100\" preserveAspectRatio=\"none\">\n\t<path class=\"elementor-shape-fill\" d=\"M0,6V0h1000v100L0,6z\"\/>\n<\/svg>\t\t<\/div>\n\t\t\t\t\t<div class=\"elementor-container elementor-column-gap-default\">\n\t\t\t\t\t<div class=\"elementor-column elementor-col-66 elementor-top-column elementor-element elementor-element-1ab82754\" data-id=\"1ab82754\" data-element_type=\"column\" data-e-type=\"column\">\n\t\t\t<div class=\"elementor-widget-wrap elementor-element-populated\">\n\t\t\t\t\t\t<div class=\"elementor-element elementor-element-6ec7a347 elementor-grid-2 elementor-grid-tablet-2 elementor-grid-mobile-1 elementor-posts--thumbnail-top elementor-posts--show-avatar elementor-card-shadow-yes elementor-posts__hover-gradient elementor-widget elementor-widget-posts\" data-id=\"6ec7a347\" data-element_type=\"widget\" data-e-type=\"widget\" data-settings=\"{&quot;cards_columns&quot;:&quot;2&quot;,&quot;pagination_type&quot;:&quot;numbers&quot;,&quot;cards_masonry&quot;:&quot;yes&quot;,&quot;cards_columns_tablet&quot;:&quot;2&quot;,&quot;cards_columns_mobile&quot;:&quot;1&quot;,&quot;cards_row_gap&quot;:{&quot;unit&quot;:&quot;px&quot;,&quot;size&quot;:35,&quot;sizes&quot;:[]},&quot;cards_row_gap_tablet&quot;:{&quot;unit&quot;:&quot;px&quot;,&quot;size&quot;:&quot;&quot;,&quot;sizes&quot;:[]},&quot;cards_row_gap_mobile&quot;:{&quot;unit&quot;:&quot;px&quot;,&quot;size&quot;:&quot;&quot;,&quot;sizes&quot;:[]}}\" data-widget_type=\"posts.cards\">\n\t\t\t\t<div class=\"elementor-widget-container\">\n\t\t\t\t\t\t\t<div class=\"elementor-posts-container elementor-posts elementor-posts--skin-cards elementor-grid\">\n\t\t\t\t<article class=\"elementor-post elementor-grid-item post-1762 post type-post status-publish format-standard hentry category-doppler\">\n\t\t\t<div class=\"elementor-post__card\">\n\t\t\t\t<div class=\"elementor-post__text\">\n\t\t\t\t<h3 class=\"elementor-post__title\">\n\t\t\t<a href=\"https:\/\/disandina.com\/site2020\/2022\/01\/21\/giant-2022\/\" >\n\t\t\t\tGIANT 2022\t\t\t<\/a>\n\t\t<\/h3>\n\t\t\t\t<div class=\"elementor-post__excerpt\">\n\t\t\t<p>Arriba La marca l\u00edder de bicicletas y accesorios GIANT desembarca en 2022 con una colecci\u00f3n dispuesta a volver a inundar el universo ciclista con una<\/p>\n\t\t<\/div>\n\t\t\n\t\t<a class=\"elementor-post__read-more\" href=\"https:\/\/disandina.com\/site2020\/2022\/01\/21\/giant-2022\/\" >\n\t\t\tVer M\u00e1s \u00bb\t\t<\/a>\n\n\t\t\t\t<\/div>\n\t\t\t\t<div class=\"elementor-post__meta-data\">\n\t\t\t\t\t<span class=\"elementor-post-date\">\n\t\t\t21\/01\/2022\t\t<\/span>\n\t\t\t\t<span class=\"elementor-post-avatar\">\n\t\t\tNo hay comentarios\t\t<\/span>\n\t\t\t\t<\/div>\n\t\t\t\t\t<\/div>\n\t\t<\/article>\n\t\t\t\t<article class=\"elementor-post elementor-grid-item post-1588 post type-post status-publish format-standard hentry category-doppler\">\n\t\t\t<div class=\"elementor-post__card\">\n\t\t\t\t<div class=\"elementor-post__text\">\n\t\t\t\t<h3 class=\"elementor-post__title\">\n\t\t\t<a href=\"https:\/\/disandina.com\/site2020\/2022\/01\/03\/liv-se-une-al-equipo-bikeexchange-jayco-como-socio-tecnico-hasta-2024\/\" >\n\t\t\t\tLiv se une al equipo BikeExchange-Jayco como socio t\u00e9cnico hasta 2024\t\t\t<\/a>\n\t\t<\/h3>\n\t\t\t\t<div class=\"elementor-post__excerpt\">\n\t\t\t<p>DOMINGO, 2 DE ENERO DE 2022 Liv, la compa\u00f1\u00eda dedicada a lograr que m\u00e1s mujeres se suban a la bicicleta, anunci\u00f3 hoy su asociaci\u00f3n t\u00e9cnica<\/p>\n\t\t<\/div>\n\t\t\n\t\t<a class=\"elementor-post__read-more\" href=\"https:\/\/disandina.com\/site2020\/2022\/01\/03\/liv-se-une-al-equipo-bikeexchange-jayco-como-socio-tecnico-hasta-2024\/\" >\n\t\t\tVer M\u00e1s \u00bb\t\t<\/a>\n\n\t\t\t\t<\/div>\n\t\t\t\t<div class=\"elementor-post__meta-data\">\n\t\t\t\t\t<span class=\"elementor-post-date\">\n\t\t\t03\/01\/2022\t\t<\/span>\n\t\t\t\t<span class=\"elementor-post-avatar\">\n\t\t\tNo hay comentarios\t\t<\/span>\n\t\t\t\t<\/div>\n\t\t\t\t\t<\/div>\n\t\t<\/article>\n\t\t\t\t<article class=\"elementor-post elementor-grid-item post-1585 post type-post status-publish format-standard hentry category-doppler\">\n\t\t\t<div class=\"elementor-post__card\">\n\t\t\t\t<div class=\"elementor-post__text\">\n\t\t\t\t<h3 class=\"elementor-post__title\">\n\t\t\t<a href=\"https:\/\/disandina.com\/site2020\/2022\/01\/03\/giant-se-asocia-con-el-equipo-bikeexchange-jayco-worldtour\/\" >\n\t\t\t\t\u00a1GIANT SE ASOCIA CON EL EQUIPO BIKEEXCHANGE-JAYCO WORLDTOUR!\t\t\t<\/a>\n\t\t<\/h3>\n\t\t\t\t<div class=\"elementor-post__excerpt\">\n\t\t\t<p>DOMINGO, 2 DE ENERO DE 2022 Giant anunci\u00f3 una nueva asociaci\u00f3n con el Team BikeExchange-Jayco, lo que marca un regreso a las carreras de ciclismo<\/p>\n\t\t<\/div>\n\t\t\n\t\t<a class=\"elementor-post__read-more\" href=\"https:\/\/disandina.com\/site2020\/2022\/01\/03\/giant-se-asocia-con-el-equipo-bikeexchange-jayco-worldtour\/\" >\n\t\t\tVer M\u00e1s \u00bb\t\t<\/a>\n\n\t\t\t\t<\/div>\n\t\t\t\t<div class=\"elementor-post__meta-data\">\n\t\t\t\t\t<span class=\"elementor-post-date\">\n\t\t\t03\/01\/2022\t\t<\/span>\n\t\t\t\t<span class=\"elementor-post-avatar\">\n\t\t\tNo hay comentarios\t\t<\/span>\n\t\t\t\t<\/div>\n\t\t\t\t\t<\/div>\n\t\t<\/article>\n\t\t\t\t<article class=\"elementor-post elementor-grid-item post-1523 post type-post status-publish format-standard has-post-thumbnail hentry category-doppler\">\n\t\t\t<div class=\"elementor-post__card\">\n\t\t\t\t<a class=\"elementor-post__thumbnail__link\" href=\"https:\/\/disandina.com\/site2020\/2021\/10\/27\/dia-sin-iva-doppler\/\" ><div class=\"elementor-post__thumbnail\"><img fetchpriority=\"high\" decoding=\"async\" width=\"300\" height=\"300\" src=\"https:\/\/disandina.com\/site2020\/wp-content\/uploads\/2021\/11\/portadas1-300x300.png\" class=\"attachment-medium size-medium wp-image-1573\" alt=\"\" srcset=\"https:\/\/disandina.com\/site2020\/wp-content\/uploads\/2021\/11\/portadas1-300x300.png 300w, https:\/\/disandina.com\/site2020\/wp-content\/uploads\/2021\/11\/portadas1-1024x1024.png 1024w, https:\/\/disandina.com\/site2020\/wp-content\/uploads\/2021\/11\/portadas1-150x150.png 150w, https:\/\/disandina.com\/site2020\/wp-content\/uploads\/2021\/11\/portadas1-768x768.png 768w, https:\/\/disandina.com\/site2020\/wp-content\/uploads\/2021\/11\/portadas1.png 1080w\" sizes=\"(max-width: 300px) 100vw, 300px\" \/><\/div><\/a>\n\t\t\t\t<div class=\"elementor-post__badge\">TIENDAS DOPPLER<\/div>\n\t\t\t\t<div class=\"elementor-post__avatar\">\n\t\t\t<img alt='admin' src='https:\/\/secure.gravatar.com\/avatar\/b600992cae8c634196e17057c83deba419fb972b6173a47a8db7d9d4dc92dc3d?s=128&#038;d=mm&#038;r=g' srcset='https:\/\/secure.gravatar.com\/avatar\/b600992cae8c634196e17057c83deba419fb972b6173a47a8db7d9d4dc92dc3d?s=256&#038;d=mm&#038;r=g 2x' class='avatar avatar-128 photo' height='128' width='128' \/>\t\t<\/div>\n\t\t\t\t<div class=\"elementor-post__text\">\n\t\t\t\t<h3 class=\"elementor-post__title\">\n\t\t\t<a href=\"https:\/\/disandina.com\/site2020\/2021\/10\/27\/dia-sin-iva-doppler\/\" >\n\t\t\t\tD\u00eda sin IVA Doppler\t\t\t<\/a>\n\t\t<\/h3>\n\t\t\t\t<div class=\"elementor-post__excerpt\">\n\t\t\t<p>Condiciones d\u00eda sin IVA TiendaDoppler.com.co Conoce las condiciones para comprar durante el d\u00eda sin IVA en TiendaDoppler.com.co el pr\u00f3ximo viernes 17 de junio 2022 \u00a1Aprovecha<\/p>\n\t\t<\/div>\n\t\t\n\t\t<a class=\"elementor-post__read-more\" href=\"https:\/\/disandina.com\/site2020\/2021\/10\/27\/dia-sin-iva-doppler\/\" >\n\t\t\tVer M\u00e1s \u00bb\t\t<\/a>\n\n\t\t\t\t<\/div>\n\t\t\t\t<div class=\"elementor-post__meta-data\">\n\t\t\t\t\t<span class=\"elementor-post-date\">\n\t\t\t27\/10\/2021\t\t<\/span>\n\t\t\t\t<span class=\"elementor-post-avatar\">\n\t\t\tNo hay comentarios\t\t<\/span>\n\t\t\t\t<\/div>\n\t\t\t\t\t<\/div>\n\t\t<\/article>\n\t\t\t\t<article class=\"elementor-post elementor-grid-item post-1514 post type-post status-publish format-standard has-post-thumbnail hentry category-doppler\">\n\t\t\t<div class=\"elementor-post__card\">\n\t\t\t\t<a class=\"elementor-post__thumbnail__link\" href=\"https:\/\/disandina.com\/site2020\/2021\/10\/27\/dia-sin-iva-tiendabici\/\" ><div class=\"elementor-post__thumbnail\"><img decoding=\"async\" width=\"300\" height=\"300\" src=\"https:\/\/disandina.com\/site2020\/wp-content\/uploads\/2021\/11\/01-300x300.png\" class=\"attachment-medium size-medium wp-image-1577\" alt=\"\" srcset=\"https:\/\/disandina.com\/site2020\/wp-content\/uploads\/2021\/11\/01-300x300.png 300w, https:\/\/disandina.com\/site2020\/wp-content\/uploads\/2021\/11\/01-1024x1024.png 1024w, https:\/\/disandina.com\/site2020\/wp-content\/uploads\/2021\/11\/01-150x150.png 150w, https:\/\/disandina.com\/site2020\/wp-content\/uploads\/2021\/11\/01-768x768.png 768w, https:\/\/disandina.com\/site2020\/wp-content\/uploads\/2021\/11\/01.png 1080w\" sizes=\"(max-width: 300px) 100vw, 300px\" \/><\/div><\/a>\n\t\t\t\t<div class=\"elementor-post__badge\">TIENDAS DOPPLER<\/div>\n\t\t\t\t<div class=\"elementor-post__avatar\">\n\t\t\t<img alt='admin' src='https:\/\/secure.gravatar.com\/avatar\/b600992cae8c634196e17057c83deba419fb972b6173a47a8db7d9d4dc92dc3d?s=128&#038;d=mm&#038;r=g' srcset='https:\/\/secure.gravatar.com\/avatar\/b600992cae8c634196e17057c83deba419fb972b6173a47a8db7d9d4dc92dc3d?s=256&#038;d=mm&#038;r=g 2x' class='avatar avatar-128 photo' height='128' width='128' \/>\t\t<\/div>\n\t\t\t\t<div class=\"elementor-post__text\">\n\t\t\t\t<h3 class=\"elementor-post__title\">\n\t\t\t<a href=\"https:\/\/disandina.com\/site2020\/2021\/10\/27\/dia-sin-iva-tiendabici\/\" >\n\t\t\t\tD\u00eda Sin IVA TiendaBici\t\t\t<\/a>\n\t\t<\/h3>\n\t\t\t\t<div class=\"elementor-post__excerpt\">\n\t\t\t<p>Condiciones d\u00eda sin IVA TiendaBici.com.co Conoce las condiciones para comprar durante el d\u00eda sin IVA en TiendaBici.com.co el pr\u00f3ximo viernes 17 de junio de 2022<\/p>\n\t\t<\/div>\n\t\t\n\t\t<a class=\"elementor-post__read-more\" href=\"https:\/\/disandina.com\/site2020\/2021\/10\/27\/dia-sin-iva-tiendabici\/\" >\n\t\t\tVer M\u00e1s \u00bb\t\t<\/a>\n\n\t\t\t\t<\/div>\n\t\t\t\t<div class=\"elementor-post__meta-data\">\n\t\t\t\t\t<span class=\"elementor-post-date\">\n\t\t\t27\/10\/2021\t\t<\/span>\n\t\t\t\t<span class=\"elementor-post-avatar\">\n\t\t\tNo hay comentarios\t\t<\/span>\n\t\t\t\t<\/div>\n\t\t\t\t\t<\/div>\n\t\t<\/article>\n\t\t\t\t<article class=\"elementor-post elementor-grid-item post-1465 post type-post status-publish format-standard has-post-thumbnail hentry category-doppler\">\n\t\t\t<div class=\"elementor-post__card\">\n\t\t\t\t<a class=\"elementor-post__thumbnail__link\" href=\"https:\/\/disandina.com\/site2020\/2021\/10\/21\/conoce-a-doppler\/\" ><div class=\"elementor-post__thumbnail\"><img decoding=\"async\" width=\"300\" height=\"156\" src=\"https:\/\/disandina.com\/site2020\/wp-content\/uploads\/2021\/10\/doppler-el-tesoro-fachada-300x156.jpg\" class=\"attachment-medium size-medium wp-image-1482\" alt=\"\" srcset=\"https:\/\/disandina.com\/site2020\/wp-content\/uploads\/2021\/10\/doppler-el-tesoro-fachada-300x156.jpg 300w, https:\/\/disandina.com\/site2020\/wp-content\/uploads\/2021\/10\/doppler-el-tesoro-fachada-768x398.jpg 768w, https:\/\/disandina.com\/site2020\/wp-content\/uploads\/2021\/10\/doppler-el-tesoro-fachada.jpg 800w\" sizes=\"(max-width: 300px) 100vw, 300px\" \/><\/div><\/a>\n\t\t\t\t<div class=\"elementor-post__badge\">TIENDAS DOPPLER<\/div>\n\t\t\t\t<div class=\"elementor-post__avatar\">\n\t\t\t<img alt='Danniela Giraldo' src='https:\/\/secure.gravatar.com\/avatar\/fc9351fac5eb2b72d6c1280d01f9431792622c5799af969307f39e80bb6b63be?s=128&#038;d=mm&#038;r=g' srcset='https:\/\/secure.gravatar.com\/avatar\/fc9351fac5eb2b72d6c1280d01f9431792622c5799af969307f39e80bb6b63be?s=256&#038;d=mm&#038;r=g 2x' class='avatar avatar-128 photo' height='128' width='128' \/>\t\t<\/div>\n\t\t\t\t<div class=\"elementor-post__text\">\n\t\t\t\t<h3 class=\"elementor-post__title\">\n\t\t\t<a href=\"https:\/\/disandina.com\/site2020\/2021\/10\/21\/conoce-a-doppler\/\" >\n\t\t\t\t\u00a1Conoce a Doppler y su ADN!\t\t\t<\/a>\n\t\t<\/h3>\n\t\t\t\t<div class=\"elementor-post__excerpt\">\n\t\t\t<p>Una de las preguntas m\u00e1s recurrentes a la hora de comprar ropa o cualquier art\u00edculo es \u00bfHabr\u00e1 una marca que se pueda identificar con mi<\/p>\n\t\t<\/div>\n\t\t\n\t\t<a class=\"elementor-post__read-more\" href=\"https:\/\/disandina.com\/site2020\/2021\/10\/21\/conoce-a-doppler\/\" >\n\t\t\tVer M\u00e1s \u00bb\t\t<\/a>\n\n\t\t\t\t<\/div>\n\t\t\t\t<div class=\"elementor-post__meta-data\">\n\t\t\t\t\t<span class=\"elementor-post-date\">\n\t\t\t21\/10\/2021\t\t<\/span>\n\t\t\t\t<span class=\"elementor-post-avatar\">\n\t\t\t2 comentarios\t\t<\/span>\n\t\t\t\t<\/div>\n\t\t\t\t\t<\/div>\n\t\t<\/article>\n\t\t\t\t<\/div>\n\n\n\t\t\n\t\t\t\t<div class=\"e-load-more-anchor\" data-page=\"1\" data-max-page=\"3\" data-next-page=\"https:\/\/disandina.com\/site2020\/wp-json\/wp\/v2\/pages\/207\/page\/2\/\"><\/div>\n\t\t\t\t<nav class=\"elementor-pagination\" role=\"navigation\" aria-label=\"Paginaci\u00f3n\">\n\t\t\t<span aria-current=\"page\" class=\"page-numbers current\"><span class=\"elementor-screen-only\">P\u00e1gina<\/span>1<\/span>\n<a class=\"page-numbers\" href=\"https:\/\/disandina.com\/site2020\/wp-json\/wp\/v2\/pages\/207\/page\/2\/\"><span class=\"elementor-screen-only\">P\u00e1gina<\/span>2<\/a>\n<a class=\"page-numbers\" href=\"https:\/\/disandina.com\/site2020\/wp-json\/wp\/v2\/pages\/207\/page\/3\/\"><span class=\"elementor-screen-only\">P\u00e1gina<\/span>3<\/a>\t\t<\/nav>\n\t\t\t\t\t\t<\/div>\n\t\t\t\t<\/div>\n\t\t\t\t\t<\/div>\n\t\t<\/div>\n\t\t\t\t<div class=\"elementor-column elementor-col-33 elementor-top-column elementor-element elementor-element-2f6600af\" data-id=\"2f6600af\" data-element_type=\"column\" data-e-type=\"column\">\n\t\t\t<div class=\"elementor-widget-wrap elementor-element-populated\">\n\t\t\t\t\t\t<div class=\"elementor-element elementor-element-e9eb672 elementor-widget elementor-widget-wp-widget-categories\" data-id=\"e9eb672\" data-element_type=\"widget\" data-e-type=\"widget\" data-widget_type=\"wp-widget-categories.default\">\n\t\t\t\t<div class=\"elementor-widget-container\">\n\t\t\t\t\t<h5>Categor\u00edas<\/h5><form action=\"https:\/\/disandina.com\/site2020\" method=\"get\"><label class=\"screen-reader-text\" for=\"cat\">Categor\u00edas<\/label><select  name='cat' id='cat' class='postform'>\n\t<option value='-1'>Elegir la categor\u00eda<\/option>\n\t<option class=\"level-0\" value=\"5\">Giant<\/option>\n\t<option class=\"level-0\" value=\"24\">Maxxis<\/option>\n\t<option class=\"level-0\" value=\"1\">TIENDAS DOPPLER<\/option>\n<\/select>\n<\/form><script>\n(function() {\n\tvar dropdown = document.getElementById( \"cat\" );\n\tfunction onCatChange() {\n\t\tif ( dropdown.options[ dropdown.selectedIndex ].value > 0 ) {\n\t\t\tdropdown.parentNode.submit();\n\t\t}\n\t}\n\tdropdown.onchange = onCatChange;\n})();\n<\/script>\n\t\t\t\t<\/div>\n\t\t\t\t<\/div>\n\t\t\t\t<div class=\"elementor-element elementor-element-124cf26 elementor-widget elementor-widget-wp-widget-recent-posts\" data-id=\"124cf26\" data-element_type=\"widget\" data-e-type=\"widget\" data-widget_type=\"wp-widget-recent-posts.default\">\n\t\t\t\t<div class=\"elementor-widget-container\">\n\t\t\t\t\t\n\t\t\n\t\t<h5>Entradas recientes<\/h5>\n\t\t<ul>\n\t\t\t\t\t\t\t\t\t\t\t<li>\n\t\t\t\t\t<a href=\"https:\/\/disandina.com\/site2020\/2022\/01\/21\/giant-2022\/\">GIANT 2022<\/a>\n\t\t\t\t\t\t\t\t\t<\/li>\n\t\t\t\t\t\t\t\t\t\t\t<li>\n\t\t\t\t\t<a href=\"https:\/\/disandina.com\/site2020\/2022\/01\/03\/liv-se-une-al-equipo-bikeexchange-jayco-como-socio-tecnico-hasta-2024\/\">Liv se une al equipo BikeExchange-Jayco como socio t\u00e9cnico hasta 2024<\/a>\n\t\t\t\t\t\t\t\t\t<\/li>\n\t\t\t\t\t<\/ul>\n\n\t\t\t\t\t\t<\/div>\n\t\t\t\t<\/div>\n\t\t\t\t<div class=\"elementor-element elementor-element-464b7bb elementor-widget elementor-widget-wp-widget-tag_cloud\" data-id=\"464b7bb\" data-element_type=\"widget\" data-e-type=\"widget\" data-widget_type=\"wp-widget-tag_cloud.default\">\n\t\t\t\t<div class=\"elementor-widget-container\">\n\t\t\t\t\t<h5>Etiquetas<\/h5><div class=\"tagcloud\"><a href=\"https:\/\/disandina.com\/site2020\/tag\/anthem\/\" class=\"tag-cloud-link tag-link-9 tag-link-position-1\" style=\"font-size: 8pt;\" aria-label=\"anthem (1 elemento)\">anthem<\/a>\n<a href=\"https:\/\/disandina.com\/site2020\/tag\/bicicleta-de-ruta\/\" class=\"tag-cloud-link tag-link-16 tag-link-position-2\" style=\"font-size: 8pt;\" aria-label=\"bicicleta de ruta (1 elemento)\">bicicleta de ruta<\/a>\n<a href=\"https:\/\/disandina.com\/site2020\/tag\/campeon-del-mundo\/\" class=\"tag-cloud-link tag-link-10 tag-link-position-3\" style=\"font-size: 8pt;\" aria-label=\"campe\u00f3n del mundo (1 elemento)\">campe\u00f3n del mundo<\/a>\n<a href=\"https:\/\/disandina.com\/site2020\/tag\/defy\/\" class=\"tag-cloud-link tag-link-19 tag-link-position-4\" style=\"font-size: 8pt;\" aria-label=\"defy (1 elemento)\">defy<\/a>\n<a href=\"https:\/\/disandina.com\/site2020\/tag\/giant-new\/\" class=\"tag-cloud-link tag-link-6 tag-link-position-5\" style=\"font-size: 22pt;\" aria-label=\"Giant (2 elementos)\">Giant<\/a>\n<a href=\"https:\/\/disandina.com\/site2020\/tag\/giant-colombia\/\" class=\"tag-cloud-link tag-link-15 tag-link-position-6\" style=\"font-size: 8pt;\" aria-label=\"giant colombia (1 elemento)\">giant colombia<\/a>\n<a href=\"https:\/\/disandina.com\/site2020\/tag\/javier-zapata\/\" class=\"tag-cloud-link tag-link-23 tag-link-position-7\" style=\"font-size: 8pt;\" aria-label=\"javier zapata (1 elemento)\">javier zapata<\/a>\n<a href=\"https:\/\/disandina.com\/site2020\/tag\/la-bicicleta-del-ano\/\" class=\"tag-cloud-link tag-link-13 tag-link-position-8\" style=\"font-size: 8pt;\" aria-label=\"LA BICICLETA DEL A\u00d1O (1 elemento)\">LA BICICLETA DEL A\u00d1O<\/a>\n<a href=\"https:\/\/disandina.com\/site2020\/tag\/leo-paez\/\" class=\"tag-cloud-link tag-link-7 tag-link-position-9\" style=\"font-size: 8pt;\" aria-label=\"leo paez (1 elemento)\">leo paez<\/a>\n<a href=\"https:\/\/disandina.com\/site2020\/tag\/letras\/\" class=\"tag-cloud-link tag-link-20 tag-link-position-10\" style=\"font-size: 8pt;\" aria-label=\"Letras (1 elemento)\">Letras<\/a>\n<a href=\"https:\/\/disandina.com\/site2020\/tag\/llantas\/\" class=\"tag-cloud-link tag-link-22 tag-link-position-11\" style=\"font-size: 8pt;\" aria-label=\"llantas (1 elemento)\">llantas<\/a>\n<a href=\"https:\/\/disandina.com\/site2020\/tag\/marcelo\/\" class=\"tag-cloud-link tag-link-18 tag-link-position-12\" style=\"font-size: 8pt;\" aria-label=\"marcelo (1 elemento)\">marcelo<\/a>\n<a href=\"https:\/\/disandina.com\/site2020\/tag\/maxxis\/\" class=\"tag-cloud-link tag-link-21 tag-link-position-13\" style=\"font-size: 8pt;\" aria-label=\"Maxxis (1 elemento)\">Maxxis<\/a>\n<a href=\"https:\/\/disandina.com\/site2020\/tag\/ruta\/\" class=\"tag-cloud-link tag-link-17 tag-link-position-14\" style=\"font-size: 8pt;\" aria-label=\"ruta (1 elemento)\">ruta<\/a>\n<a href=\"https:\/\/disandina.com\/site2020\/tag\/tcr\/\" class=\"tag-cloud-link tag-link-14 tag-link-position-15\" style=\"font-size: 8pt;\" aria-label=\"tcr (1 elemento)\">tcr<\/a>\n<a href=\"https:\/\/disandina.com\/site2020\/tag\/xtc\/\" class=\"tag-cloud-link tag-link-8 tag-link-position-16\" style=\"font-size: 8pt;\" aria-label=\"xtc (1 elemento)\">xtc<\/a><\/div>\n\t\t\t\t<\/div>\n\t\t\t\t<\/div>\n\t\t\t\t\t<\/div>\n\t\t<\/div>\n\t\t\t\t\t<\/div>\n\t\t<\/section>\n\t\t\t\t<\/div>\n\t\t","protected":false},"excerpt":{"rendered":"<p>Noticias de nuestras Marcas Distribuidora Andina de Articulos Deportivos<\/p>\n","protected":false},"author":1,"featured_media":0,"parent":0,"menu_order":0,"comment_status":"closed","ping_status":"closed","template":"","meta":{"footnotes":""},"class_list":["post-207","page","type-page","status-publish","hentry"],"_links":{"self":[{"href":"https:\/\/disandina.com\/site2020\/wp-json\/wp\/v2\/pages\/207","targetHints":{"allow":["GET"]}}],"collection":[{"href":"https:\/\/disandina.com\/site2020\/wp-json\/wp\/v2\/pages"}],"about":[{"href":"https:\/\/disandina.com\/site2020\/wp-json\/wp\/v2\/types\/page"}],"author":[{"embeddable":true,"href":"https:\/\/disandina.com\/site2020\/wp-json\/wp\/v2\/users\/1"}],"replies":[{"embeddable":true,"href":"https:\/\/disandina.com\/site2020\/wp-json\/wp\/v2\/comments?post=207"}],"version-history":[{"count":12,"href":"https:\/\/disandina.com\/site2020\/wp-json\/wp\/v2\/pages\/207\/revisions"}],"predecessor-version":[{"id":2615,"href":"https:\/\/disandina.com\/site2020\/wp-json\/wp\/v2\/pages\/207\/revisions\/2615"}],"wp:attachment":[{"href":"https:\/\/disandina.com\/site2020\/wp-json\/wp\/v2\/media?parent=207"}],"curies":[{"name":"wp","href":"https:\/\/api.w.org\/{rel}","templated":true}]}}